{"id":840,"date":"2026-01-02T17:12:20","date_gmt":"2026-01-02T17:12:20","guid":{"rendered":"https:\/\/netejob.com\/?page_id=840"},"modified":"2026-01-02T17:45:40","modified_gmt":"2026-01-02T17:45:40","slug":"metodologias-de-investigacion","status":"publish","type":"page","link":"https:\/\/netejob.com\/pt\/metodologias-de-investigacion\/","title":{"rendered":"Metodolog\u00edas de Investigaci\u00f3n"},"content":{"rendered":"<h2 class=\"wp-block-heading\">Metodolog\u00edas de Investigaci\u00f3n<\/h2>\n\n\n\n<p>Objetivo: Estandarizar y documentar los m\u00e9todos de investigaci\u00f3n para garantizar la replicabilidad y la calidad de los an\u00e1lisis.<\/p>\n\n\n\n<p><\/p>","protected":false},"excerpt":{"rendered":"<p>Metodolog\u00edas de Investigaci\u00f3n Objetivo: Estandarizar y documentar los m\u00e9todos de investigaci\u00f3n para garantizar la replicabilidad y la calidad de los an\u00e1lisis.<\/p>","protected":false},"author":3,"featured_media":0,"parent":0,"menu_order":0,"comment_status":"closed","ping_status":"closed","template":"","meta":{"footnotes":""},"class_list":["post-840","page","type-page","status-publish","hentry"],"blocksy_meta":[],"_links":{"self":[{"href":"https:\/\/netejob.com\/pt\/wp-json\/wp\/v2\/pages\/840","targetHints":{"allow":["GET"]}}],"collection":[{"href":"https:\/\/netejob.com\/pt\/wp-json\/wp\/v2\/pages"}],"about":[{"href":"https:\/\/netejob.com\/pt\/wp-json\/wp\/v2\/types\/page"}],"author":[{"embeddable":true,"href":"https:\/\/netejob.com\/pt\/wp-json\/wp\/v2\/users\/3"}],"replies":[{"embeddable":true,"href":"https:\/\/netejob.com\/pt\/wp-json\/wp\/v2\/comments?post=840"}],"version-history":[{"count":2,"href":"https:\/\/netejob.com\/pt\/wp-json\/wp\/v2\/pages\/840\/revisions"}],"predecessor-version":[{"id":857,"href":"https:\/\/netejob.com\/pt\/wp-json\/wp\/v2\/pages\/840\/revisions\/857"}],"wp:attachment":[{"href":"https:\/\/netejob.com\/pt\/wp-json\/wp\/v2\/media?parent=840"}],"curies":[{"name":"wp","href":"https:\/\/api.w.org\/{rel}","templated":true}]}}