{"id":826,"date":"2026-01-02T15:40:43","date_gmt":"2026-01-02T15:40:43","guid":{"rendered":"https:\/\/netejob.com\/?page_id=826"},"modified":"2026-01-02T17:56:49","modified_gmt":"2026-01-02T17:56:49","slug":"sobre-el-observatorio","status":"publish","type":"page","link":"https:\/\/netejob.com\/pt\/sobre-el-observatorio\/","title":{"rendered":"Sobre el Observatorio"},"content":{"rendered":"<h2 class=\"wp-block-heading\">Sobre el Observatorio<\/h2>\n\n\n\n<p>El<strong><em>&nbsp;Observatorio Latinoamericano del Trabajo en la Era Digital&nbsp;<\/em><\/strong>es un espacio abierto, orientado a la producci\u00f3n, sistematizaci\u00f3n y difusi\u00f3n de investigaciones, resultados y herramientas metodol\u00f3gicas sobre el trabajo digital y trabajo decente.<\/p>\n\n\n\n<p>El Observatorio funcionar\u00e1 como punto de encuentro para estudiantes de doctorado, investigadores, acad\u00e9micos y actores externos \u2014incluidas asociaciones representativas de trabajadores digitales\u2014 promoviendo actividades de investigaci\u00f3n, formaci\u00f3n y divulgaci\u00f3n, as\u00ed como el trabajo interdisciplinario y el debate informado sobre las transformaciones del trabajo en contextos de digitalizaci\u00f3n, en articulaci\u00f3n con los dem\u00e1s componentes y entregables del proyecto NETeJOB.<\/p>\n\n\n\n<p><strong>Misi\u00f3n:<\/strong><br>Monitorear, analizar y difundir informaci\u00f3n y conocimiento sobre las transformaciones en el mundo del trabajo impulsadas por la digitalizaci\u00f3n, con el objetivo de servir de base para:<\/p>\n\n\n\n<ul class=\"wp-block-list\">\n<li>Pol\u00edticas p\u00fablicas eficaces, democr\u00e1ticas y soberanas.<\/li>\n\n\n\n<li>La actuaci\u00f3n de la sociedad civil (sindicatos, movimientos sociales).<\/li>\n\n\n\n<li>El debate acad\u00e9mico y t\u00e9cnico.<\/li>\n<\/ul>\n\n\n\n<p><strong>Visi\u00f3n:<\/strong><br>Convertirse en un centro de referencia latinoamericano en el an\u00e1lisis y la regulaci\u00f3n del trabajo en la era digital.<\/p>\n\n\n\n<p><strong>Objetivos<\/strong>:<\/p>\n\n\n\n<ul class=\"wp-block-list\">\n<li>Implementar la infraestructura digital y f\u00edsica del Observatorio.<\/li>\n\n\n\n<li>Formar y capacitar un equipo multidisciplinario inicial.<\/li>\n\n\n\n<li>Establecer el acervo de metodolog\u00edas y catalogar las principales bases de datos.<\/li>\n\n\n\n<li>Mapear y formalizar alianzas estrat\u00e9gicas con centros de investigaci\u00f3n.<\/li>\n\n\n\n<li>Realizar el primer ciclo de investigaci\u00f3n y publicaci\u00f3n<\/li>\n<\/ul>\n\n\n\n<p><\/p>","protected":false},"excerpt":{"rendered":"<p>Sobre el Observatorio El&nbsp;Observatorio Latinoamericano del Trabajo en la Era Digital&nbsp;es un espacio abierto, orientado a la producci\u00f3n, sistematizaci\u00f3n y difusi\u00f3n de investigaciones, resultados y herramientas metodol\u00f3gicas sobre el trabajo digital y trabajo decente. El Observatorio funcionar\u00e1 como punto de encuentro para estudiantes de doctorado, investigadores, acad\u00e9micos y actores externos \u2014incluidas asociaciones representativas de trabajadores [&hellip;]<\/p>\n","protected":false},"author":3,"featured_media":0,"parent":0,"menu_order":0,"comment_status":"closed","ping_status":"closed","template":"","meta":{"footnotes":""},"class_list":["post-826","page","type-page","status-publish","hentry"],"blocksy_meta":[],"_links":{"self":[{"href":"https:\/\/netejob.com\/pt\/wp-json\/wp\/v2\/pages\/826","targetHints":{"allow":["GET"]}}],"collection":[{"href":"https:\/\/netejob.com\/pt\/wp-json\/wp\/v2\/pages"}],"about":[{"href":"https:\/\/netejob.com\/pt\/wp-json\/wp\/v2\/types\/page"}],"author":[{"embeddable":true,"href":"https:\/\/netejob.com\/pt\/wp-json\/wp\/v2\/users\/3"}],"replies":[{"embeddable":true,"href":"https:\/\/netejob.com\/pt\/wp-json\/wp\/v2\/comments?post=826"}],"version-history":[{"count":2,"href":"https:\/\/netejob.com\/pt\/wp-json\/wp\/v2\/pages\/826\/revisions"}],"predecessor-version":[{"id":859,"href":"https:\/\/netejob.com\/pt\/wp-json\/wp\/v2\/pages\/826\/revisions\/859"}],"wp:attachment":[{"href":"https:\/\/netejob.com\/pt\/wp-json\/wp\/v2\/media?parent=826"}],"curies":[{"name":"wp","href":"https:\/\/api.w.org\/{rel}","templated":true}]}}