{"id":96,"date":"2024-03-23T12:08:32","date_gmt":"2024-03-23T12:08:32","guid":{"rendered":"http:\/\/netejob.com\/?page_id=96"},"modified":"2024-11-18T15:58:24","modified_gmt":"2024-11-18T15:58:24","slug":"proyecto","status":"publish","type":"page","link":"http:\/\/netejob.com\/pt\/proyecto\/","title":{"rendered":"O projeto"},"content":{"rendered":"<h2 class=\"wp-block-heading\">Sobre o Projeto Erasmus+ NETeJOB<\/h2>\n\n\n\n<p>NETeJOB \u00abFortalecimiento de redes interdisciplinarias de conocimiento sobre los impactos de la transformaci\u00f3n digital en las condiciones de trabajo en Am\u00e9rica Latina\u00bb, es un proyecto de Desarrollo de Capacidades en el campo de la Educaci\u00f3n Superior co-financiado por el programa Erasmus+ de la Uni\u00f3n Europea.<\/p>\n\n\n\n<p>Se basa en la premisa de que para llevar desarrollo, recuperaci\u00f3n econ\u00f3mica e igualdad a las sociedades latinoamericanas, se debe comprender los impactos de la digitalizaci\u00f3n sin omitir ning\u00fan \u00e1ngulo de conocimiento, tarea en la que la IES de Am\u00e9rica Latina debe jugar un papel importante a trav\u00e9s del fortalecimiento de las estructuras de educaci\u00f3n superior.<\/p>\n\n\n\n<p><\/p>\n\n\n\n<p><\/p>\n\n\n\n<blockquote class=\"wp-block-quote is-layout-flow wp-block-quote-is-layout-flow\">\n<p><strong><em>O objetivo geral do NETeJOB \u00e9 fortalecer as redes regionais de conhecimento na Am\u00e9rica Latina sobre os impactos da transforma\u00e7\u00e3o digital nas condi\u00e7\u00f5es de trabalho.<\/em><\/strong><\/p>\n<\/blockquote>\n\n\n\n<h2 class=\"wp-block-heading has-text-align-center\">Como faremos isso?<\/h2>\n\n\n\n<p>Atrav\u00e9s:<br>1- Desenvolvimento de redes de conhecimento de IES sobre os impactos da digitaliza\u00e7\u00e3o na economia global e nas condi\u00e7\u00f5es de trabalho.<br>en la econom\u00eda global y las condiciones de trabajo.<br>2- Cria\u00e7\u00e3o de Observat\u00f3rios sobre trabalho digital e decente.<br>3- Produ\u00e7\u00e3o de document\u00e1rios cient\u00edficos sobre estudos de caso que apresentem as causas e consequ\u00eancias dos fen\u00f3menos de digitaliza\u00e7\u00e3o do trabalho.<br>las causas y consecuencias de los fen\u00f3menos de la digitalizaci\u00f3n del trabajo.<br>4- Desenho de programas de ensino inovadores sobre trabalho digital<br>5- Mapeamento de lacunas de conhecimento para garantir uma compreens\u00e3o hol\u00edstica dos impactos da digitaliza\u00e7\u00e3o.<br>sobre los impactos de la digitalizaci\u00f3n.<br>6- Realiza\u00e7\u00e3o de f\u00f3rum cient\u00edfico sobre trabalho digital e trabalho decente.<\/p>\n\n\n\n<h2 class=\"wp-block-heading has-text-align-center\">Cons\u00f3rcio NETeJOB<\/h2>\n\n\n\n<p>O NETeJOB \u00e9 coordenado pela Universidad Vi\u00f1a del Mar, Chile e \u00e9 composto pelas seguintes Universidades:<\/p>\n\n\n\n<blockquote class=\"wp-block-quote is-layout-flow wp-block-quote-is-layout-flow\">\n<p><a href=\"https:\/\/www.uvm.cl\/\">Universidad Vi\u00f1a del Mar, Chile.<\/a><br><a href=\"https:\/\/uv.cl\/\">Universidad de Valpara\u00edso Universidad de Valpara\u00edso, Chile.<\/a><br><a href=\"https:\/\/www.uautonoma.cl\/\">Universidad Aut\u00f3noma de Chile, Chile.<\/a><br><a href=\"https:\/\/unr.edu.ar\/\">Universidad Nacional de Rosario, Argentina.<\/a><br><a href=\"https:\/\/www.uba.ar\/\">Universidad de Buenos Aires, Argentina.<\/a><br><a href=\"https:\/\/www.unicamp.br\/\">Universidad Estadual de Campinas, Brasil<\/a><br><a href=\"https:\/\/www.ufpb.br\/\">Universidad Federal de Paraiba, Brasil.<\/a><br><a href=\"https:\/\/portal.ufcg.edu.br\/\">Universidad Federal de Campina Grande, Brasil.<\/a><br><a href=\"https:\/\/utm.edu.ec\/\">Universidad de T\u00e9cnica de Manab\u00ed, Ecuador.<\/a><br><a href=\"https:\/\/www.flacso.edu.ec\/en\/inicio\">FLACSO, Ecuador<\/a>.<br><a href=\"https:\/\/www.ua.es\/\">Universitat d\u2019Alacant, Espa\u00f1a.<\/a><br><a href=\"https:\/\/www.uc.pt\/\">Universidade de Coimbra, Portugal.<\/a><\/p>\n<\/blockquote>\n\n\n\n<p><\/p>\n\n\n\n<div class=\"wp-block-group alignwide is-layout-constrained wp-block-group-is-layout-constrained\" style=\"min-height:0px\">\n<div class=\"wp-block-columns alignwide are-vertically-aligned-center is-layout-flex wp-container-core-columns-is-layout-28f84493 wp-block-columns-is-layout-flex\">\n<div class=\"wp-block-column is-vertically-aligned-center is-layout-flow wp-block-column-is-layout-flow\" style=\"flex-basis:100%\">\n<div class=\"wp-block-group is-layout-flow wp-block-group-is-layout-flow\">\n<h2 class=\"wp-block-heading has-medium-font-size\"><strong>A Coordenadora do Projeto NETeJOB, Meritxell Calbet, resume o Projeto para n\u00f3s <strong>Meritxell Calbet,<\/strong><\/strong> <strong>nos resume el Proyecto <\/strong><\/h2>\n<\/div>\n<\/div>\n<\/div>\n<\/div>\n\n\n\n<figure class=\"wp-block-embed is-type-video is-provider-youtube wp-block-embed-youtube wp-embed-aspect-16-9 wp-has-aspect-ratio\"><div class=\"wp-block-embed__wrapper\">\n<iframe loading=\"lazy\" title=\"Resumen Kick off Meeting, Universidad Vi\u00f1a del Mar, Chile.\" width=\"1024\" height=\"576\" src=\"https:\/\/www.youtube.com\/embed\/g9fBIbTM1jU?feature=oembed\" frameborder=\"0\" allow=\"accelerometer; autoplay; clipboard-write; encrypted-media; gyroscope; picture-in-picture; web-share\" referrerpolicy=\"strict-origin-when-cross-origin\" allowfullscreen><\/iframe>\n<\/div><\/figure>","protected":false},"excerpt":{"rendered":"<p>Sobre el Proyecto Erasmus+ NETeJOB NETeJOB \u00abFortalecimiento de redes interdisciplinarias de conocimiento sobre los impactos de la transformaci\u00f3n digital en las condiciones de trabajo en Am\u00e9rica Latina\u00bb, es un proyecto de Desarrollo de Capacidades en el campo de la Educaci\u00f3n Superior co-financiado por el programa Erasmus+ de la Uni\u00f3n Europea. Se basa en la premisa [&hellip;]<\/p>\n","protected":false},"author":2,"featured_media":15,"parent":0,"menu_order":0,"comment_status":"closed","ping_status":"closed","template":"","meta":{"footnotes":""},"class_list":["post-96","page","type-page","status-publish","has-post-thumbnail","hentry"],"blocksy_meta":[],"_links":{"self":[{"href":"http:\/\/netejob.com\/pt\/wp-json\/wp\/v2\/pages\/96","targetHints":{"allow":["GET"]}}],"collection":[{"href":"http:\/\/netejob.com\/pt\/wp-json\/wp\/v2\/pages"}],"about":[{"href":"http:\/\/netejob.com\/pt\/wp-json\/wp\/v2\/types\/page"}],"author":[{"embeddable":true,"href":"http:\/\/netejob.com\/pt\/wp-json\/wp\/v2\/users\/2"}],"replies":[{"embeddable":true,"href":"http:\/\/netejob.com\/pt\/wp-json\/wp\/v2\/comments?post=96"}],"version-history":[{"count":28,"href":"http:\/\/netejob.com\/pt\/wp-json\/wp\/v2\/pages\/96\/revisions"}],"predecessor-version":[{"id":536,"href":"http:\/\/netejob.com\/pt\/wp-json\/wp\/v2\/pages\/96\/revisions\/536"}],"wp:featuredmedia":[{"embeddable":true,"href":"http:\/\/netejob.com\/pt\/wp-json\/wp\/v2\/media\/15"}],"wp:attachment":[{"href":"http:\/\/netejob.com\/pt\/wp-json\/wp\/v2\/media?parent=96"}],"curies":[{"name":"wp","href":"https:\/\/api.w.org\/{rel}","templated":true}]}}